{"id":78,"date":"2015-08-15T00:00:36","date_gmt":"2015-08-14T23:00:36","guid":{"rendered":"https:\/\/institutionnel.cceaf.fr\/?page_id=78"},"modified":"2023-10-05T10:34:22","modified_gmt":"2023-10-05T09:34:22","slug":"la-mutuelle-et-le-sport","status":"publish","type":"page","link":"https:\/\/www.csecaf.fr\/?page_id=78","title":{"rendered":"La Mutuelle"},"content":{"rendered":"<h4><strong>MNPAF\u00a0(Mutuelle Nationale des Personnels Air France)<\/strong><\/h4>\n<p>Destin\u00e9e aux agents actifs, aux anciens salari\u00e9s Air France et \u00e0 leurs familles, la Mutuelle Nationale des Personnels Air France a \u00e9t\u00e9 cr\u00e9\u00e9e en octobre 1990 par la direction d\u2019Air France et le CSEC. Son principe d\u2019adh\u00e9sion obligatoire pour les salari\u00e9s actifs permet une solidarit\u00e9 entre tous les agents de la Compagnie. Si la mutuelle a vu le jour seulement en 1990, une cellule \u00ab\u00a0d&rsquo;activit\u00e9 entraide et secours\u00a0\u00bb (AES) charg\u00e9e de rembourser les soins de sant\u00e9 existait d\u00e9j\u00e0 \u00e0 Air France. La MNPAF compte aujourd\u2019hui pr\u00e8s de 170 000 adh\u00e9rents, enfants, retrait\u00e9s et conjoints compris.<\/p>\n<p><!--\n<a href=\"www.asaf-sport.asso.fr\"><img decoding=\"async\" loading=\"lazy\" class=\" wp-image-2508 size-full alignnone\" src=\"https:\/\/institutionnel.cceaf.fr\/wp-content\/uploads\/ACTIONS\/ASAF\/partenaires_logo_mnpaf.jpg\" alt=\"partenaires_logo_mnpaf\" width=\"100\" height=\"47\" \/><\/a>\n\n\n<h4><strong>ASAF (Amicale Sportive Air France)<\/strong><\/h4>\n\n\nCr\u00e9\u00e9e le 11 mars 1954 \u00e0 l'instigation d'AIR FRANCE, des CSEE et du CSEC, l'Amicale Sportive d'Air France a pour but de permettre, en son sein, la pratique\u00a0 des sports en vue non seulement de pr\u00e9server et d\u2019am\u00e9liorer la sant\u00e9 et la capacit\u00e9 physique de ses membres, mais aussi de participer \u00e0 la coh\u00e9sion sociale de l\u2019entreprise.\n\nElle est bas\u00e9e partout en France et propose un large choix de pratiques sportives (Football, Rugby, Parachutisme, Golf, \u00c9quitation, Plong\u00e9e, Musculation, Boxe, et bien d\u2019autres sports). En effet, ces diff\u00e9rentes sections organisent r\u00e9guli\u00e8rement des stages, tournois et\/ou championnats \u00e0 travers le monde entier.\n\nAlors, qu'attendez-vous ?\n\nRejoignez le mouvement sportif !\n<strong>\n<\/strong>\n\n<strong><a href=\"http:\/\/asafweb.fr\/Site_wp\/\"><img decoding=\"async\" loading=\"lazy\" class=\" wp-image-2509 size-full alignnone\" src=\"https:\/\/institutionnel.cceaf.fr\/wp-content\/uploads\/ACTIONS\/ASAF\/partenaires_logo_asaf.jpg\" alt=\"partenaires_logo_asaf\" width=\"200\" height=\"41\" \/><\/a>\n<\/strong> --><\/p>\n<p>&nbsp;<\/p>\n<h4><\/h4>\n","protected":false},"excerpt":{"rendered":"<p>MNPAF\u00a0(Mutuelle Nationale des Personnels Air France) Destin\u00e9e aux agents actifs, aux anciens salari\u00e9s Air France et \u00e0 leurs familles, la Mutuelle Nationale des Personnels Air France a \u00e9t\u00e9 cr\u00e9\u00e9e en octobre 1990 par la direction d\u2019Air France et le CSEC. Son principe d\u2019adh\u00e9sion obligatoire pour les salari\u00e9s actifs permet une solidarit\u00e9 entre tous les agents &hellip;<\/p>\n","protected":false},"author":9,"featured_media":2615,"parent":0,"menu_order":0,"comment_status":"closed","ping_status":"closed","template":"","meta":{"footnotes":""},"_links":{"self":[{"href":"https:\/\/www.csecaf.fr\/index.php?rest_route=\/wp\/v2\/pages\/78"}],"collection":[{"href":"https:\/\/www.csecaf.fr\/index.php?rest_route=\/wp\/v2\/pages"}],"about":[{"href":"https:\/\/www.csecaf.fr\/index.php?rest_route=\/wp\/v2\/types\/page"}],"author":[{"embeddable":true,"href":"https:\/\/www.csecaf.fr\/index.php?rest_route=\/wp\/v2\/users\/9"}],"replies":[{"embeddable":true,"href":"https:\/\/www.csecaf.fr\/index.php?rest_route=%2Fwp%2Fv2%2Fcomments&post=78"}],"version-history":[{"count":17,"href":"https:\/\/www.csecaf.fr\/index.php?rest_route=\/wp\/v2\/pages\/78\/revisions"}],"predecessor-version":[{"id":4425,"href":"https:\/\/www.csecaf.fr\/index.php?rest_route=\/wp\/v2\/pages\/78\/revisions\/4425"}],"wp:featuredmedia":[{"embeddable":true,"href":"https:\/\/www.csecaf.fr\/index.php?rest_route=\/wp\/v2\/media\/2615"}],"wp:attachment":[{"href":"https:\/\/www.csecaf.fr\/index.php?rest_route=%2Fwp%2Fv2%2Fmedia&parent=78"}],"curies":[{"name":"wp","href":"https:\/\/api.w.org\/{rel}","templated":true}]}}