{"id":579,"date":"2015-03-15T00:00:01","date_gmt":"2015-03-14T23:00:01","guid":{"rendered":"https:\/\/institutionnel.cceaf.fr\/?page_id=579"},"modified":"2016-03-08T22:13:14","modified_gmt":"2016-03-08T21:13:14","slug":"guide-ecocit","status":"publish","type":"page","link":"https:\/\/www.csecaf.fr\/?page_id=579","title":{"rendered":"Guide Ecocit"},"content":{"rendered":"<div class=\"clear\"><\/div><div style=\"margin-top:10px; margin-bottom:10px;\" class=\"divider divider-normal\"><\/div>\n<table style=\"padding: 0px; margin: 0px; margin-bottom: 20px; width: 100%; border: 0px;\">\n<tbody>\n<tr>\n<td style=\"vertical-align: bottom; width: 100px; text-align: left;\"><img decoding=\"async\" loading=\"lazy\" class=\"alignnone size-full wp-image-576\" src=\"\/wp-content\/uploads\/MEDIAS\/ECOCIT\/ecocit_miniguide.jpg\" alt=\"Ecocit \u2013 Mini-guide\" width=\"120\" height=\"83\" \/><\/td>\n<td style=\"padding-left: 15px; vertical-align: middle;\">Cliquez sur le lien pour t\u00e9l\u00e9charger la publication :<\/p>\n<h4><a title=\"Guide Ecocit\" href=\"\/wp-content\/uploads\/MEDIAS\/ECOCIT\/ecocit_miniguide.pdf\" target=\"_blank\"><b>Mini-guide Ecocit<\/b><\/a><\/h4>\n<\/td>\n<\/tr>\n<\/tbody>\n<\/table>\n<div class=\"clear\"><\/div><div style=\"margin-top:10px; margin-bottom:10px;\" class=\"divider divider-normal\"><\/div>\n<table style=\"padding: 0px; margin: 0px; margin-bottom: 20px; width: 100%; border: 0px;\">\n<tbody>\n<tr>\n<td style=\"vertical-align: bottom; width: 100px; text-align: left;\"><img decoding=\"async\" loading=\"lazy\" class=\"alignnone size-full wp-image-577\" src=\"\/wp-content\/uploads\/MEDIAS\/ECOCIT\/ecoquizz_miniguide.jpg\" alt=\"Ecocit - Mini-guide \u00e9coquizz\" width=\"120\" height=\"85\" \/><\/td>\n<td style=\"padding-left: 15px; vertical-align: middle;\">Cliquez sur le lien pour t\u00e9l\u00e9charger la publication :<\/p>\n<h4><a title=\"Guide Ecocit\" href=\"\/wp-content\/uploads\/MEDIAS\/ECOCIT\/ecoquizz_miniguide.pdf\" target=\"_blank\"><b>Mini-guide Ecoquizz<\/b><\/a><\/h4>\n<\/td>\n<\/tr>\n<\/tbody>\n<\/table>\n<div class=\"clear\"><\/div><div style=\"margin-top:10px; margin-bottom:10px;\" class=\"divider divider-normal\"><\/div>\n<table style=\"padding: 0px; margin: 0px; margin-bottom: 20px; width: 100%; border: 0px;\">\n<tbody>\n<tr>\n<td style=\"vertical-align: bottom; width: 100px; text-align: left;\"><img decoding=\"async\" loading=\"lazy\" class=\"alignnone size-full wp-image-575\" src=\"\/wp-content\/uploads\/MEDIAS\/ECOCIT\/ecocit_charte.jpg\" alt=\"Ecocit - Charte\" width=\"120\" height=\"170\" \/><\/td>\n<td style=\"padding-left: 15px; vertical-align: middle;\">Cliquez sur le lien pour t\u00e9l\u00e9charger la publication :<\/p>\n<h4><a title=\"Guide Ecocit\" href=\"\/wp-content\/uploads\/MEDIAS\/ECOCIT\/ecocit_charte.pdf\" target=\"_blank\"><b>Charte Ecocit<\/b><\/a><\/h4>\n<\/td>\n<\/tr>\n<\/tbody>\n<\/table>\n<div class=\"clear\"><\/div><div style=\"margin-top:10px; margin-bottom:10px;\" class=\"divider divider-normal\"><\/div>\n","protected":false},"excerpt":{"rendered":"<p>Cliquez sur le lien pour t\u00e9l\u00e9charger la publication : Mini-guide Ecocit Cliquez sur le lien pour t\u00e9l\u00e9charger la publication : Mini-guide Ecoquizz Cliquez sur le lien pour t\u00e9l\u00e9charger la publication : Charte Ecocit<\/p>\n","protected":false},"author":9,"featured_media":0,"parent":164,"menu_order":0,"comment_status":"closed","ping_status":"closed","template":"","meta":{"footnotes":""},"_links":{"self":[{"href":"https:\/\/www.csecaf.fr\/index.php?rest_route=\/wp\/v2\/pages\/579"}],"collection":[{"href":"https:\/\/www.csecaf.fr\/index.php?rest_route=\/wp\/v2\/pages"}],"about":[{"href":"https:\/\/www.csecaf.fr\/index.php?rest_route=\/wp\/v2\/types\/page"}],"author":[{"embeddable":true,"href":"https:\/\/www.csecaf.fr\/index.php?rest_route=\/wp\/v2\/users\/9"}],"replies":[{"embeddable":true,"href":"https:\/\/www.csecaf.fr\/index.php?rest_route=%2Fwp%2Fv2%2Fcomments&post=579"}],"version-history":[{"count":8,"href":"https:\/\/www.csecaf.fr\/index.php?rest_route=\/wp\/v2\/pages\/579\/revisions"}],"predecessor-version":[{"id":2696,"href":"https:\/\/www.csecaf.fr\/index.php?rest_route=\/wp\/v2\/pages\/579\/revisions\/2696"}],"up":[{"embeddable":true,"href":"https:\/\/www.csecaf.fr\/index.php?rest_route=\/wp\/v2\/pages\/164"}],"wp:attachment":[{"href":"https:\/\/www.csecaf.fr\/index.php?rest_route=%2Fwp%2Fv2%2Fmedia&parent=579"}],"curies":[{"name":"wp","href":"https:\/\/api.w.org\/{rel}","templated":true}]}}