{"id":5628,"date":"2026-01-15T11:36:17","date_gmt":"2026-01-15T10:36:17","guid":{"rendered":"https:\/\/www.csecaf.fr\/?page_id=5628"},"modified":"2026-01-27T11:31:31","modified_gmt":"2026-01-27T10:31:31","slug":"rso","status":"publish","type":"page","link":"https:\/\/www.csecaf.fr\/?page_id=5628","title":{"rendered":"RSO"},"content":{"rendered":"\n<p><strong>Retrouvez notre d\u00e9marche Responsabilit\u00e9 Soci\u00e9tale des Organisations<\/strong>, plus connue sous le nom de RSE pour les entreprises. La dimension sociale fait partie m\u00eame de l\u2019ADN de notre organisation. <strong>Nous avons donc le plaisir de partager notre premi\u00e8re charte RSO avec nos 4 engagements <a href=\"\/wp-content\/uploads\/2026\/01\/202601_charte_RSO.pdf\">(t\u00e9l\u00e9chargeable en cliquant ici)<\/a><\/strong>.<\/p>\n\n\n\n<p><strong>Elle reprend nos valeurs et met la lumi\u00e8re sur les actions que nous menons au quotidien <\/strong>au sein des diff\u00e9rents services du CSEC Air France. Son contenu a \u00e9t\u00e9 \u00e9labor\u00e9 \u00e0 partir des travaux de notre groupe de travail RSO avec l&rsquo;ensemble de nos r\u00e9f\u00e9rents.<\/p>\n\n\n\n<p>Cette d\u00e9marche <strong>contribue au d\u00e9veloppement durable, \u00e0 la sant\u00e9 et au bien \u00eatre de la soci\u00e9t\u00e9 avec des pratiques responsables<\/strong>. Elle est l&rsquo;opportunit\u00e9 de valoriser nos actions aupr\u00e8s de nos diff\u00e9rentes parties prenantes internes et externes. Elle s&rsquo;inscrit dans la dur\u00e9e et nous concerne tous.&nbsp;<\/p>\n\n\n\n<p><strong>Plusieurs actions transversales sont lanc\u00e9es pour 2026<\/strong> afin d&rsquo;am\u00e9liorer nos usages, nous aurons l&rsquo;occasion de partager nos r\u00e9flexions et avancements au fil de l&rsquo;eau. <\/p>\n\n\n\n<p><\/p>\n","protected":false},"excerpt":{"rendered":"<p>Retrouvez notre d\u00e9marche Responsabilit\u00e9 Soci\u00e9tale des Organisations, plus connue sous le nom de RSE pour les entreprises. La dimension sociale fait partie m\u00eame de l\u2019ADN de notre organisation. Nous avons donc le plaisir de partager notre premi\u00e8re charte RSO avec nos 4 engagements (t\u00e9l\u00e9chargeable en cliquant ici). Elle reprend nos valeurs et met la lumi\u00e8re &hellip;<\/p>\n","protected":false},"author":7,"featured_media":5648,"parent":0,"menu_order":0,"comment_status":"closed","ping_status":"closed","template":"","meta":{"footnotes":""},"_links":{"self":[{"href":"https:\/\/www.csecaf.fr\/index.php?rest_route=\/wp\/v2\/pages\/5628"}],"collection":[{"href":"https:\/\/www.csecaf.fr\/index.php?rest_route=\/wp\/v2\/pages"}],"about":[{"href":"https:\/\/www.csecaf.fr\/index.php?rest_route=\/wp\/v2\/types\/page"}],"author":[{"embeddable":true,"href":"https:\/\/www.csecaf.fr\/index.php?rest_route=\/wp\/v2\/users\/7"}],"replies":[{"embeddable":true,"href":"https:\/\/www.csecaf.fr\/index.php?rest_route=%2Fwp%2Fv2%2Fcomments&post=5628"}],"version-history":[{"count":7,"href":"https:\/\/www.csecaf.fr\/index.php?rest_route=\/wp\/v2\/pages\/5628\/revisions"}],"predecessor-version":[{"id":5666,"href":"https:\/\/www.csecaf.fr\/index.php?rest_route=\/wp\/v2\/pages\/5628\/revisions\/5666"}],"wp:featuredmedia":[{"embeddable":true,"href":"https:\/\/www.csecaf.fr\/index.php?rest_route=\/wp\/v2\/media\/5648"}],"wp:attachment":[{"href":"https:\/\/www.csecaf.fr\/index.php?rest_route=%2Fwp%2Fv2%2Fmedia&parent=5628"}],"curies":[{"name":"wp","href":"https:\/\/api.w.org\/{rel}","templated":true}]}}