{"id":5399,"date":"2025-04-03T07:41:31","date_gmt":"2025-04-03T06:41:31","guid":{"rendered":"https:\/\/www.csecaf.fr\/?page_id=5399"},"modified":"2025-04-03T07:45:26","modified_gmt":"2025-04-03T06:45:26","slug":"mentions-legales","status":"publish","type":"page","link":"https:\/\/www.csecaf.fr\/?page_id=5399","title":{"rendered":"Mentions l\u00e9gales"},"content":{"rendered":"\n<p class=\"has-medium-font-size\"><strong>\u00c9diteur<\/strong><\/p>\n\n\n\n<p style=\"font-size:16px\">Le site <a href=\"ttps:\/\/www.csecaf.fr\/\">https:\/\/www.csecaf.fr\/<\/a> est \u00e9dit\u00e9 par le CSEC Air France<br>Raison sociale\u00a0: CSEC Air France<br>Dont le si\u00e8ge social est situ\u00e9\u00a0: 45, rue de Paris, b\u00e2timent P\u00e9gase 3e \u00e9tage &#8211; Ailes EST &amp; SUD &#8211; CS 12691 \u2013 95725 Roissy Ch. de Gaulle cedex<br>Directeur de la publication\u00a0: Olivier Jully<br>Courriel\u00a0: Dpo@csecaf.fr<\/p>\n\n\n\n<p class=\"has-medium-font-size\"><strong>H\u00e9bergement<\/strong><\/p>\n\n\n\n<p style=\"font-size:16px\">Ce site est h\u00e9berg\u00e9 chez OVH au capital de 50\u00a0000\u00a0000,00 \u20ac<br>RCS\u00a0: Lille Metropole B 424 761 419<br>SIRET\u00a0: 42476141900045<br>Code APE\u00a0: 6311Z<br>Dont le si\u00e8ge est\u00a0au 2, rue Kellermann, 59100 Roubaix &#8211; France<\/p>\n","protected":false},"excerpt":{"rendered":"<p>\u00c9diteur Le site https:\/\/www.csecaf.fr\/ est \u00e9dit\u00e9 par le CSEC Air FranceRaison sociale\u00a0: CSEC Air FranceDont le si\u00e8ge social est situ\u00e9\u00a0: 45, rue de Paris, b\u00e2timent P\u00e9gase 3e \u00e9tage &#8211; Ailes EST &amp; SUD &#8211; CS 12691 \u2013 95725 Roissy Ch. de Gaulle cedexDirecteur de la publication\u00a0: Olivier JullyCourriel\u00a0: Dpo@csecaf.fr H\u00e9bergement Ce site est h\u00e9berg\u00e9 chez &hellip;<\/p>\n","protected":false},"author":9,"featured_media":0,"parent":0,"menu_order":0,"comment_status":"closed","ping_status":"closed","template":"","meta":{"footnotes":""},"_links":{"self":[{"href":"https:\/\/www.csecaf.fr\/index.php?rest_route=\/wp\/v2\/pages\/5399"}],"collection":[{"href":"https:\/\/www.csecaf.fr\/index.php?rest_route=\/wp\/v2\/pages"}],"about":[{"href":"https:\/\/www.csecaf.fr\/index.php?rest_route=\/wp\/v2\/types\/page"}],"author":[{"embeddable":true,"href":"https:\/\/www.csecaf.fr\/index.php?rest_route=\/wp\/v2\/users\/9"}],"replies":[{"embeddable":true,"href":"https:\/\/www.csecaf.fr\/index.php?rest_route=%2Fwp%2Fv2%2Fcomments&post=5399"}],"version-history":[{"count":5,"href":"https:\/\/www.csecaf.fr\/index.php?rest_route=\/wp\/v2\/pages\/5399\/revisions"}],"predecessor-version":[{"id":5405,"href":"https:\/\/www.csecaf.fr\/index.php?rest_route=\/wp\/v2\/pages\/5399\/revisions\/5405"}],"wp:attachment":[{"href":"https:\/\/www.csecaf.fr\/index.php?rest_route=%2Fwp%2Fv2%2Fmedia&parent=5399"}],"curies":[{"name":"wp","href":"https:\/\/api.w.org\/{rel}","templated":true}]}}