{"id":38,"date":"2015-08-15T00:00:40","date_gmt":"2015-08-14T23:00:40","guid":{"rendered":"https:\/\/institutionnel.cceaf.fr\/?page_id=38"},"modified":"2023-10-05T10:45:02","modified_gmt":"2023-10-05T09:45:02","slug":"e-recrutement","status":"publish","type":"page","link":"https:\/\/www.csecaf.fr\/?page_id=38","title":{"rendered":"E-RECRUTEMENT"},"content":{"rendered":"<h4><strong>Bienvenue sur le site emploi du CSEC Air France<\/strong><\/h4>\n<p><strong>Que vous soyez directeur de colos, animateur de vacances, cuisinier, h\u00f4tesse d\u2019accueil, rejoignez nos \u00e9quipes\u2026 Pour d\u00e9poser votre candidature, nous vous invitons \u00e0 cr\u00e9er votre espace, entrer votre profil et surtout, nous indiquer vos dates de disponibilit\u00e9s.<\/strong><\/p>\n<p><strong>Chaque ann\u00e9e, le CSEC recrute plus de 1000 personnes en contrats saisonniers.<\/strong><\/p>\n<p><a href=\"https:\/\/cceairfrance-recrute.talent-soft.com\/accueil.aspx\"><strong>Acc\u00e9dez aux <\/strong><strong>offres<\/strong><strong> ICI<\/strong><\/a><\/p>\n","protected":false},"excerpt":{"rendered":"<p>Bienvenue sur le site emploi du CSEC Air France Que vous soyez directeur de colos, animateur de vacances, cuisinier, h\u00f4tesse d\u2019accueil, rejoignez nos \u00e9quipes\u2026 Pour d\u00e9poser votre candidature, nous vous invitons \u00e0 cr\u00e9er votre espace, entrer votre profil et surtout, nous indiquer vos dates de disponibilit\u00e9s. Chaque ann\u00e9e, le CSEC recrute plus de 1000 personnes &hellip;<\/p>\n","protected":false},"author":9,"featured_media":2648,"parent":0,"menu_order":0,"comment_status":"closed","ping_status":"closed","template":"","meta":{"footnotes":""},"_links":{"self":[{"href":"https:\/\/www.csecaf.fr\/index.php?rest_route=\/wp\/v2\/pages\/38"}],"collection":[{"href":"https:\/\/www.csecaf.fr\/index.php?rest_route=\/wp\/v2\/pages"}],"about":[{"href":"https:\/\/www.csecaf.fr\/index.php?rest_route=\/wp\/v2\/types\/page"}],"author":[{"embeddable":true,"href":"https:\/\/www.csecaf.fr\/index.php?rest_route=\/wp\/v2\/users\/9"}],"replies":[{"embeddable":true,"href":"https:\/\/www.csecaf.fr\/index.php?rest_route=%2Fwp%2Fv2%2Fcomments&post=38"}],"version-history":[{"count":23,"href":"https:\/\/www.csecaf.fr\/index.php?rest_route=\/wp\/v2\/pages\/38\/revisions"}],"predecessor-version":[{"id":4991,"href":"https:\/\/www.csecaf.fr\/index.php?rest_route=\/wp\/v2\/pages\/38\/revisions\/4991"}],"wp:featuredmedia":[{"embeddable":true,"href":"https:\/\/www.csecaf.fr\/index.php?rest_route=\/wp\/v2\/media\/2648"}],"wp:attachment":[{"href":"https:\/\/www.csecaf.fr\/index.php?rest_route=%2Fwp%2Fv2%2Fmedia&parent=38"}],"curies":[{"name":"wp","href":"https:\/\/api.w.org\/{rel}","templated":true}]}}