{"id":240,"date":"2015-08-15T00:00:43","date_gmt":"2015-08-14T23:00:43","guid":{"rendered":"https:\/\/institutionnel.cceaf.fr\/?page_id=240"},"modified":"2023-03-27T10:52:37","modified_gmt":"2023-03-27T09:52:37","slug":"saint-pons-alpes-de-haute-provence","status":"publish","type":"page","link":"https:\/\/www.csecaf.fr\/?page_id=240","title":{"rendered":"Saint-Pons (Alpes-de-haute-Provence)"},"content":{"rendered":"<p><span style=\"color: #0284ab; font-size: 14px;\"><strong>Profiter de la montagne, des torrents et des lacs dans les Alpes ensoleill\u00e9es.<br \/>\nA 1100 m d\u2019altitude dans les Alpes-de-Haute-Provence, le village jeunes fait face \u00e0 la montagne du Parc national du Mercantour, une v\u00e9ritable aubaine pour les fans de sports \u00e0 sensations fortes, hiver comme \u00e9t\u00e9 les activit\u00e9s fourmillent. La station de ski de Praloup est \u00e0 15 km. Elle dispose de 170 km de pistes et permet de skier jusqu\u2019\u00e0 2600 m d\u2019altitude. En \u00e9t\u00e9, les randonneurs de haute montagne ne sont pas en reste sans oublier la pratique de l\u2019escalade ou du VTT. Pour les v\u00e9liplanchistes, la proximit\u00e9 du lac de Serre-Pon\u00e7on permet aussi des possibilit\u00e9s de belles glisses.<\/strong><\/span><\/p>\n<h4><strong>Propri\u00e9t\u00e9<\/strong><\/h4>\n<div class=\"starlist tie-list-shortcode\">\n<ul>\n<li><strong>Capacit\u00e9 d\u2019accueil :<\/strong> 60 lits pour une superficie de 2,7 hectares.<\/li>\n<\/ul>\n<\/div>\n<h4><strong>H\u00e9bergement<\/strong><\/h4>\n<div class=\"starlist tie-list-shortcode\">\n<ul>\n<li>Chambres de 3 \u00e0 4 lits r\u00e9parties dans les ailes du b\u00e2timent central.<\/li>\n<\/ul>\n<\/div>\n<h4><strong>Infrastructure et loisirs<\/strong><\/h4>\n<div class=\"starlist tie-list-shortcode\">\n<ul>\n<li>Terrain de volley.<\/li>\n<li>Courts de tennis.<\/li>\n<li>Salles d&rsquo;activit\u00e9s dont une avec grande chemin\u00e9e.<\/li>\n<li>Discoth\u00e8que.<\/li>\n<li>En hiver une salle \u201chors sac\u201d dans la station est \u00e0 la disposition du groupe pour les d\u00e9jeuners.<\/li>\n<\/ul>\n<\/div>\n<h4><strong>Acc\u00e8s<\/strong><\/h4>\n<div class=\"starlist tie-list-shortcode\">\n<ul>\n<li><strong>A\u00e9roport :<\/strong> Marseille \u00e0 2 h 30.<\/li>\n<li><strong>Gare TGV :<\/strong> Gap \u00e0 65 km.<\/li>\n<\/ul>\n<\/div>\n<h4><strong>M\u00e9dias<\/strong><\/h4>\n<div class=\"starlist tie-list-shortcode\">\n<ul>\n<li><strong><a href=\"https:\/\/youtu.be\/SAI7L_AN2JY\">Vid\u00e9o de pr\u00e9sentation<\/a><br \/>\n<\/strong><\/li>\n<li><strong><a href=\"https:\/\/skyzup.com\/360\/pro\/csecaf\/link\/636282a93192a\">Visite virtuelle 360\u00b0 hiver<\/a><br \/>\n<\/strong><\/li>\n<li><a href=\"https:\/\/skyzup.com\/360\/pro\/csecaf\/link\/636282785e757\"><strong>Visite virtuelle 360\u00b0 \u00e9t\u00e9<\/strong><\/a><\/li>\n<\/ul>\n<\/div>\n<p><em>Les informations du site institutionnel n&rsquo;ont pas de valeurs contractuelles. Veuillez vous r\u00e9f\u00e9rer au programme sur <span class=\"highlight highlight-orange\"> <a style=\"color: #ffffff;\" href=\"https:\/\/panorama.cceaf.fr\" target=\"_blank\" rel=\"noopener\">\u00a0Panoram@\u00a0<\/a> <\/span>.<\/em><\/p>\n<p><iframe loading=\"lazy\" style=\"border: 0;\" src=\"https:\/\/www.google.com\/maps\/embed?pb=!1m18!1m12!1m3!1d45597.37482502628!2d6.6163419999999995!3d44.41601245!2m3!1f0!2f0!3f0!3m2!1i1024!2i768!4f13.1!3m3!1m2!1s0x12cc90de11af4e57%3A0x40819a5fd97ad70!2sSaint-Pons!5e0!3m2!1sfr!2sfr!4v1440516959509\" width=\"600\" height=\"450\" frameborder=\"0\" allowfullscreen=\"allowfullscreen\"><\/iframe><\/p>\n","protected":false},"excerpt":{"rendered":"<p>Profiter de la montagne, des torrents et des lacs dans les Alpes ensoleill\u00e9es. A 1100 m d\u2019altitude dans les Alpes-de-Haute-Provence, le village jeunes fait face \u00e0 la montagne du Parc national du Mercantour, une v\u00e9ritable aubaine pour les fans de sports \u00e0 sensations fortes, hiver comme \u00e9t\u00e9 les activit\u00e9s fourmillent. La station de ski de &hellip;<\/p>\n","protected":false},"author":9,"featured_media":1401,"parent":175,"menu_order":0,"comment_status":"closed","ping_status":"closed","template":"","meta":{"footnotes":""},"_links":{"self":[{"href":"https:\/\/www.csecaf.fr\/index.php?rest_route=\/wp\/v2\/pages\/240"}],"collection":[{"href":"https:\/\/www.csecaf.fr\/index.php?rest_route=\/wp\/v2\/pages"}],"about":[{"href":"https:\/\/www.csecaf.fr\/index.php?rest_route=\/wp\/v2\/types\/page"}],"author":[{"embeddable":true,"href":"https:\/\/www.csecaf.fr\/index.php?rest_route=\/wp\/v2\/users\/9"}],"replies":[{"embeddable":true,"href":"https:\/\/www.csecaf.fr\/index.php?rest_route=%2Fwp%2Fv2%2Fcomments&post=240"}],"version-history":[{"count":14,"href":"https:\/\/www.csecaf.fr\/index.php?rest_route=\/wp\/v2\/pages\/240\/revisions"}],"predecessor-version":[{"id":4485,"href":"https:\/\/www.csecaf.fr\/index.php?rest_route=\/wp\/v2\/pages\/240\/revisions\/4485"}],"up":[{"embeddable":true,"href":"https:\/\/www.csecaf.fr\/index.php?rest_route=\/wp\/v2\/pages\/175"}],"wp:featuredmedia":[{"embeddable":true,"href":"https:\/\/www.csecaf.fr\/index.php?rest_route=\/wp\/v2\/media\/1401"}],"wp:attachment":[{"href":"https:\/\/www.csecaf.fr\/index.php?rest_route=%2Fwp%2Fv2%2Fmedia&parent=240"}],"curies":[{"name":"wp","href":"https:\/\/api.w.org\/{rel}","templated":true}]}}