{"id":219,"date":"2015-08-15T00:00:41","date_gmt":"2015-08-14T23:00:41","guid":{"rendered":"https:\/\/institutionnel.cceaf.fr\/?page_id=219"},"modified":"2023-03-27T10:49:00","modified_gmt":"2023-03-27T09:49:00","slug":"bonnieux-vaucluse","status":"publish","type":"page","link":"https:\/\/www.csecaf.fr\/?page_id=219","title":{"rendered":"Bonnieux (Vaucluse)"},"content":{"rendered":"<p><span style=\"color: #0284ab; font-size: 14px;\"><strong>Le village jeunes est situ\u00e9 \u00e0 11 km d\u2019Apt pr\u00e8s du village de Bonnieux, dans le Parc naturel du Lub\u00e9ron, o\u00f9 la nature est rest\u00e9e sauvage. Ancien moulin proven\u00e7al transform\u00e9 en village jeunes, Bonnieux offre une pl\u00e9thore d\u2019activit\u00e9s : basket, volley, piscine. Des initiations au moto-cross sont \u00e9galement possibles \u00e0 Pertuis, la ville voisine. Les acharn\u00e9s d\u2019escalades, de baignades et de randonn\u00e9es p\u00e9destres sont les bienvenus. Si le cadre logistique reste moderne, le Moulin de la Combe garde un charme authentique, notamment gr\u00e2ce \u00e0 la salle de poterie comprenant six tours \u00e0 pied et un four. Un labo photo est aussi \u00e0 disposition. L\u2019ensemble permet ainsi l\u2019organisation de diff\u00e9rents ateliers.<\/strong><\/span><\/p>\n<h4><strong>Propri\u00e9t\u00e9<\/strong><\/h4>\n<div class=\"starlist tie-list-shortcode\">\n<ul>\n<li><strong>Capacit\u00e9 d\u2019accueil :<\/strong> 60 lits pour une superficie de 27,6 hectares.<\/li>\n<\/ul>\n<\/div>\n<h4><strong>H\u00e9bergement<\/strong><\/h4>\n<div class=\"starlist tie-list-shortcode\">\n<ul>\n<li>Chambres de 4 \u00e0 6 lits r\u00e9parties dans deux pavillons.<\/li>\n<\/ul>\n<\/div>\n<h4><strong>Infrastructure et loisirs<\/strong><\/h4>\n<div class=\"starlist tie-list-shortcode\">\n<ul>\n<li>Salles d\u2019activit\u00e9s.<\/li>\n<li>Piscine.<\/li>\n<li>Terrains de basket et de volley.<\/li>\n<\/ul>\n<\/div>\n<h4><strong>Acc\u00e8s<\/strong><\/h4>\n<div class=\"starlist tie-list-shortcode\">\n<ul>\n<li><strong>A\u00e9roport :<\/strong> Marseille, \u00e0 1 h 30.<\/li>\n<\/ul>\n<\/div>\n<h4><strong>M\u00e9dias<\/strong><\/h4>\n<div class=\"starlist tie-list-shortcode\">\n<ul>\n<li><strong><a href=\"https:\/\/youtu.be\/o7zYcqqQx6o\">Vid\u00e9o de pr\u00e9sentation<\/a><br \/>\n<\/strong><\/li>\n<li><a href=\"https:\/\/skyzup.com\/360\/pro\/csecaf\/link\/636280af63c0b\"><strong>Visite virtuelle 360\u00b0<\/strong><\/a><\/li>\n<\/ul>\n<\/div>\n<p><em>Les informations du site institutionnel n&rsquo;ont pas de valeurs contractuelles. Veuillez vous r\u00e9f\u00e9rer au programme sur <span class=\"highlight highlight-orange\">\u00a0<a style=\"color: #ffffff;\" href=\"https:\/\/panorama.cceaf.fr\" target=\"_blank\" rel=\"noopener\">Panoram@<\/a>\u00a0<\/span>.<\/em><\/p>\n<p><iframe loading=\"lazy\" style=\"border: 0;\" src=\"https:\/\/www.google.com\/maps\/embed?pb=!1m18!1m12!1m3!1d92099.73310738477!2d5.317200949999999!3d43.832679000000006!2m3!1f0!2f0!3f0!3m2!1i1024!2i768!4f13.1!3m3!1m2!1s0x12ca10ab4dab9703%3A0x72cc570e0ced9e02!2sBonnieux!5e0!3m2!1sfr!2sfr!4v1440516620536\" width=\"600\" height=\"450\" frameborder=\"0\" allowfullscreen=\"allowfullscreen\"><\/iframe><\/p>\n","protected":false},"excerpt":{"rendered":"<p>Le village jeunes est situ\u00e9 \u00e0 11 km d\u2019Apt pr\u00e8s du village de Bonnieux, dans le Parc naturel du Lub\u00e9ron, o\u00f9 la nature est rest\u00e9e sauvage. Ancien moulin proven\u00e7al transform\u00e9 en village jeunes, Bonnieux offre une pl\u00e9thore d\u2019activit\u00e9s : basket, volley, piscine. Des initiations au moto-cross sont \u00e9galement possibles \u00e0 Pertuis, la ville voisine. Les &hellip;<\/p>\n","protected":false},"author":9,"featured_media":634,"parent":175,"menu_order":0,"comment_status":"closed","ping_status":"closed","template":"","meta":{"footnotes":""},"_links":{"self":[{"href":"https:\/\/www.csecaf.fr\/index.php?rest_route=\/wp\/v2\/pages\/219"}],"collection":[{"href":"https:\/\/www.csecaf.fr\/index.php?rest_route=\/wp\/v2\/pages"}],"about":[{"href":"https:\/\/www.csecaf.fr\/index.php?rest_route=\/wp\/v2\/types\/page"}],"author":[{"embeddable":true,"href":"https:\/\/www.csecaf.fr\/index.php?rest_route=\/wp\/v2\/users\/9"}],"replies":[{"embeddable":true,"href":"https:\/\/www.csecaf.fr\/index.php?rest_route=%2Fwp%2Fv2%2Fcomments&post=219"}],"version-history":[{"count":16,"href":"https:\/\/www.csecaf.fr\/index.php?rest_route=\/wp\/v2\/pages\/219\/revisions"}],"predecessor-version":[{"id":4478,"href":"https:\/\/www.csecaf.fr\/index.php?rest_route=\/wp\/v2\/pages\/219\/revisions\/4478"}],"up":[{"embeddable":true,"href":"https:\/\/www.csecaf.fr\/index.php?rest_route=\/wp\/v2\/pages\/175"}],"wp:featuredmedia":[{"embeddable":true,"href":"https:\/\/www.csecaf.fr\/index.php?rest_route=\/wp\/v2\/media\/634"}],"wp:attachment":[{"href":"https:\/\/www.csecaf.fr\/index.php?rest_route=%2Fwp%2Fv2%2Fmedia&parent=219"}],"curies":[{"name":"wp","href":"https:\/\/api.w.org\/{rel}","templated":true}]}}