{"id":194,"date":"2015-08-15T00:00:18","date_gmt":"2015-08-14T23:00:18","guid":{"rendered":"https:\/\/institutionnel.cceaf.fr\/?page_id=194"},"modified":"2026-04-24T09:29:18","modified_gmt":"2026-04-24T08:29:18","slug":"seo-guadeloupe","status":"publish","type":"page","link":"https:\/\/www.csecaf.fr\/?page_id=194","title":{"rendered":"S\u00e9o (Guadeloupe)"},"content":{"rendered":"<table style=\"border: 0px;\" width=\"100%\" cellspacing=\"0\" cellpadding=\"0\">\n<tbody>\n<tr>\n<td><span style=\"color: #0284ab; font-size: 14px;\"><strong>Belle-\u00eele en mer, Marie-Galante\u2026\u00a0\u00bb d\u2019un c\u00f4t\u00e9 la mer des Cara\u00efbes, de l\u2019autre l\u2019oc\u00e9an Atlantique.<\/strong><br \/>\n<strong> Nich\u00e9 sur la c\u00f4te sud de Grande-Terre, en retrait de la route reliant Pointe-\u00e0-Pitre \u00e0 Saint-Fran\u00e7ois, le village d\u00e9tente de S\u00e9o accueille ses visiteurs dans une for\u00eat de palmiers, \u00e0 quelques m\u00e8tres seulement des bandes de sable fin. Sur une plage abandonn\u00e9e, estivants et amateurs de farniente ont pour seul horizon, le ciel, le soleil et le grand bleu. Plong\u00e9e sous-marine, randonn\u00e9es p\u00e9destres, visite des march\u00e9s locaux, il fait bon vivre aux Antilles. Au village d\u00e9tente de S\u00e9o, on prend le rythme.<\/strong><\/span><\/td>\n<td width=\"10%\"><\/td>\n<\/tr>\n<\/tbody>\n<\/table>\n<h4><strong>Les logements<\/strong><\/h4>\n<div class=\"starlist tie-list-shortcode\">\n<ul>\n<li>27 bungalows climatis\u00e9s de 2 \u00e0 6 lits avec cuisine \u00e9quip\u00e9e, salle de bains, coffre-fort, terrasse.<\/li>\n<li>Les \u00e9quipements sont adapt\u00e9s pour l\u2019accueil de personnes \u00e0 mobilit\u00e9 r\u00e9duite.<\/li>\n<\/ul>\n<h4><strong>Les formules de s\u00e9jour<\/strong><\/h4>\n<div class=\"starlist tie-list-shortcode\"><\/div>\n<ul>\n<li>Formule en g\u00eete uniquement.<\/li>\n<\/ul>\n<\/div>\n<h4><strong>Infrastructures et loisirs<\/strong><\/h4>\n<div class=\"starlist tie-list-shortcode\">\n<ul>\n<li>Wifi<\/li>\n<li>Piscine avec jacuzzi<\/li>\n<li>Salle TV avec ping pong et baby foot<\/li>\n<li>Barbecues<\/li>\n<li>Buanderie<\/li>\n<\/ul>\n<\/div>\n<h4><strong>Acc\u00e8s<\/strong><\/h4>\n<div class=\"starlist tie-list-shortcode\">\n<ul>\n<li><strong>A\u00e9roport :<\/strong> P\u00f4le Cara\u00efbes, Pointe-\u00e0-Pitre.<\/li>\n<\/ul>\n<\/div>\n<h4><strong>M\u00e9dias<\/strong><\/h4>\n<div class=\"starlist tie-list-shortcode\">\n<ul>\n<li><strong><a href=\"https:\/\/youtu.be\/k6M2n8SOHrM\">Vid\u00e9o du village<\/a><br \/>\n<\/strong><\/li>\n<li><a href=\"https:\/\/skyzup.com\/360\/pro\/csecaf\/link\/63627f69deabf\"><strong>Visite 360\u00b0<\/strong><\/a><\/li>\n<\/ul>\n<\/div>\n<p><em>Les informations du site institutionnel n&rsquo;ont pas de valeurs contractuelles. Veuillez vous r\u00e9f\u00e9rer au programme sur <span class=\"highlight highlight-orange\"> <a style=\"color: #ffffff;\" href=\"https:\/\/panorama.cceaf.fr\" target=\"_blank\" rel=\"noopener\">\u00a0Panoram@\u00a0<\/a> <\/span>.<\/em><\/p>\n<p><iframe loading=\"lazy\" style=\"border: 0;\" src=\"https:\/\/www.google.com\/maps\/embed?pb=!1m18!1m12!1m3!1d30645.946828950106!2d-61.38507839999999!3d16.23362865!2m3!1f0!2f0!3f0!3m2!1i1024!2i768!4f13.1!3m3!1m2!1s0x8c134b99e373c873%3A0x74236b2e5bdd7cbc!2sSainte-Anne%2C+Guadeloupe!5e0!3m2!1sfr!2sfr!4v1440516418877\" width=\"600\" height=\"450\" frameborder=\"0\" allowfullscreen=\"allowfullscreen\"><\/iframe><\/p>\n","protected":false},"excerpt":{"rendered":"<p>Belle-\u00eele en mer, Marie-Galante\u2026\u00a0\u00bb d\u2019un c\u00f4t\u00e9 la mer des Cara\u00efbes, de l\u2019autre l\u2019oc\u00e9an Atlantique. Nich\u00e9 sur la c\u00f4te sud de Grande-Terre, en retrait de la route reliant Pointe-\u00e0-Pitre \u00e0 Saint-Fran\u00e7ois, le village d\u00e9tente de S\u00e9o accueille ses visiteurs dans une for\u00eat de palmiers, \u00e0 quelques m\u00e8tres seulement des bandes de sable fin. Sur une plage &hellip;<\/p>\n","protected":false},"author":9,"featured_media":2858,"parent":173,"menu_order":0,"comment_status":"closed","ping_status":"closed","template":"","meta":{"footnotes":""},"_links":{"self":[{"href":"https:\/\/www.csecaf.fr\/index.php?rest_route=\/wp\/v2\/pages\/194"}],"collection":[{"href":"https:\/\/www.csecaf.fr\/index.php?rest_route=\/wp\/v2\/pages"}],"about":[{"href":"https:\/\/www.csecaf.fr\/index.php?rest_route=\/wp\/v2\/types\/page"}],"author":[{"embeddable":true,"href":"https:\/\/www.csecaf.fr\/index.php?rest_route=\/wp\/v2\/users\/9"}],"replies":[{"embeddable":true,"href":"https:\/\/www.csecaf.fr\/index.php?rest_route=%2Fwp%2Fv2%2Fcomments&post=194"}],"version-history":[{"count":26,"href":"https:\/\/www.csecaf.fr\/index.php?rest_route=\/wp\/v2\/pages\/194\/revisions"}],"predecessor-version":[{"id":5853,"href":"https:\/\/www.csecaf.fr\/index.php?rest_route=\/wp\/v2\/pages\/194\/revisions\/5853"}],"up":[{"embeddable":true,"href":"https:\/\/www.csecaf.fr\/index.php?rest_route=\/wp\/v2\/pages\/173"}],"wp:featuredmedia":[{"embeddable":true,"href":"https:\/\/www.csecaf.fr\/index.php?rest_route=\/wp\/v2\/media\/2858"}],"wp:attachment":[{"href":"https:\/\/www.csecaf.fr\/index.php?rest_route=%2Fwp%2Fv2%2Fmedia&parent=194"}],"curies":[{"name":"wp","href":"https:\/\/api.w.org\/{rel}","templated":true}]}}