{"id":188,"date":"2015-08-15T00:00:40","date_gmt":"2015-08-14T23:00:40","guid":{"rendered":"https:\/\/institutionnel.cceaf.fr\/?page_id=188"},"modified":"2026-04-24T09:30:13","modified_gmt":"2026-04-24T08:30:13","slug":"lhibiscus-la-reunion","status":"publish","type":"page","link":"https:\/\/www.csecaf.fr\/?page_id=188","title":{"rendered":"L&rsquo;Hibiscus (La R\u00e9union)"},"content":{"rendered":"<table style=\"border: 0px;\" width=\"100%\" cellspacing=\"0\" cellpadding=\"0\">\n<tbody>\n<tr>\n<td><span style=\"color: #0284ab; font-size: 14px;\"><strong>\u00c0 quelques kilom\u00e8tres de Saint-Gilles, sur la c\u00f4te ouest de l\u2019\u00eele, le village d\u00e9tente de l\u2019Hibiscus accueille ses visiteurs dans un cadre typiquement cr\u00e9ole. En bordure de la nationale qui dessert toute l\u2019\u00eele, l\u2019Hibiscus offre un s\u00e9jour \u00e0 l\u2019image de la R\u00e9union, riche et diversifi\u00e9e. Des c\u00f4tes accident\u00e9es, aux panoramas verts, en passant par les paysages lunaires dessin\u00e9s de son volcan encore en activit\u00e9, le Piton de la Fournaise, l\u2019\u00eele Bourbon impressionne. Randonn\u00e9es p\u00e9destres le long des reliefs escarp\u00e9s, promenades dans les centres historiques de Saint-Denis et de Saint-Pierre ou farniente le long des plages\u2026 \u00e0 vous de choisir !<\/strong><\/span><\/td>\n<td width=\"10%\"><\/td>\n<\/tr>\n<\/tbody>\n<\/table>\n<h4><strong>Les logements<\/strong><\/h4>\n<div class=\"starlist tie-list-shortcode\">\n<ul>\n<li>14 logements climatis\u00e9s en studios de 2 \u00e0 4 personnes ou en bungalows de 5 personnes avec s\u00e9jour, cuisine \u00e9quip\u00e9e, salle d\u2019eau, coffre-fort, balcon ou terrasse.<\/li>\n<li>Les \u00e9quipements sont adapt\u00e9s pour l\u2019accueil de personnes \u00e0 mobilit\u00e9 r\u00e9duite.<\/li>\n<\/ul>\n<h4><strong>Les formules de s\u00e9jour<\/strong><\/h4>\n<div class=\"starlist tie-list-shortcode\"><\/div>\n<ul>\n<li>Formule en g\u00eete uniquement.<\/li>\n<\/ul>\n<\/div>\n<h4><strong>Infrastructures et loisirs<\/strong><\/h4>\n<div class=\"starlist tie-list-shortcode\">\n<ul>\n<li>Wifi<\/li>\n<li>Piscine<\/li>\n<li>Bassin enfants<\/li>\n<li>Aire de jeux enfants<\/li>\n<li>Terrain de p\u00e9tanque<\/li>\n<li>Barbecues<\/li>\n<li>Salle TV avec ping pong, baby-foot et billard<\/li>\n<li>Buanderie<\/li>\n<\/ul>\n<\/div>\n<h4><strong>Acc\u00e8s<\/strong><\/h4>\n<div class=\"starlist tie-list-shortcode\">\n<ul>\n<li><strong>A\u00e9roport :<\/strong> Roland Garros, Saint-Denis de la R\u00e9union.<\/li>\n<\/ul>\n<\/div>\n<h4><strong>M\u00e9dias<\/strong><\/h4>\n<div class=\"starlist tie-list-shortcode\">\n<ul>\n<li><strong><a href=\"https:\/\/youtu.be\/oWZQHBdF-18\">Vid\u00e9o du village<\/a><br \/>\n<\/strong><\/li>\n<li><a href=\"https:\/\/skyzup.com\/360\/pro\/csecaf\/link\/63627ff7adda3\"><strong>Visite 360\u00b0<\/strong><\/a><\/li>\n<\/ul>\n<\/div>\n<p><em>Les informations du site institutionnel n&rsquo;ont pas de valeurs contractuelles. Veuillez vous r\u00e9f\u00e9rer au programme sur <span class=\"highlight highlight-orange\"> <a style=\"color: #ffffff;\" href=\"https:\/\/panorama.cceaf.fr\" target=\"_blank\" rel=\"noopener\">\u00a0Panoram@\u00a0<\/a> <\/span>.<\/em><\/p>\n<p><iframe loading=\"lazy\" style=\"border: 0;\" src=\"https:\/\/www.google.com\/maps\/embed?pb=!1m18!1m12!1m3!1d930.5394833244623!2d55.2529851!3d-21.106268800000002!2m3!1f0!2f0!3f0!3m2!1i1024!2i768!4f13.1!3m3!1m2!1s0x21829115d224b34f%3A0x8d3dfdf744196ed0!2sLotissement+Fagaldena%2C+La+Saline-Les-Bains%2C+R%C3%A9union!5e0!3m2!1sfr!2sfr!4v1440516235612\" width=\"600\" height=\"450\" frameborder=\"0\" allowfullscreen=\"allowfullscreen\"><\/iframe><\/p>\n","protected":false},"excerpt":{"rendered":"<p>\u00c0 quelques kilom\u00e8tres de Saint-Gilles, sur la c\u00f4te ouest de l\u2019\u00eele, le village d\u00e9tente de l\u2019Hibiscus accueille ses visiteurs dans un cadre typiquement cr\u00e9ole. En bordure de la nationale qui dessert toute l\u2019\u00eele, l\u2019Hibiscus offre un s\u00e9jour \u00e0 l\u2019image de la R\u00e9union, riche et diversifi\u00e9e. Des c\u00f4tes accident\u00e9es, aux panoramas verts, en passant par les &hellip;<\/p>\n","protected":false},"author":9,"featured_media":686,"parent":173,"menu_order":0,"comment_status":"closed","ping_status":"closed","template":"","meta":{"footnotes":""},"_links":{"self":[{"href":"https:\/\/www.csecaf.fr\/index.php?rest_route=\/wp\/v2\/pages\/188"}],"collection":[{"href":"https:\/\/www.csecaf.fr\/index.php?rest_route=\/wp\/v2\/pages"}],"about":[{"href":"https:\/\/www.csecaf.fr\/index.php?rest_route=\/wp\/v2\/types\/page"}],"author":[{"embeddable":true,"href":"https:\/\/www.csecaf.fr\/index.php?rest_route=\/wp\/v2\/users\/9"}],"replies":[{"embeddable":true,"href":"https:\/\/www.csecaf.fr\/index.php?rest_route=%2Fwp%2Fv2%2Fcomments&post=188"}],"version-history":[{"count":30,"href":"https:\/\/www.csecaf.fr\/index.php?rest_route=\/wp\/v2\/pages\/188\/revisions"}],"predecessor-version":[{"id":5854,"href":"https:\/\/www.csecaf.fr\/index.php?rest_route=\/wp\/v2\/pages\/188\/revisions\/5854"}],"up":[{"embeddable":true,"href":"https:\/\/www.csecaf.fr\/index.php?rest_route=\/wp\/v2\/pages\/173"}],"wp:featuredmedia":[{"embeddable":true,"href":"https:\/\/www.csecaf.fr\/index.php?rest_route=\/wp\/v2\/media\/686"}],"wp:attachment":[{"href":"https:\/\/www.csecaf.fr\/index.php?rest_route=%2Fwp%2Fv2%2Fmedia&parent=188"}],"curies":[{"name":"wp","href":"https:\/\/api.w.org\/{rel}","templated":true}]}}