{"id":180,"date":"2015-08-15T00:00:23","date_gmt":"2015-08-14T23:00:23","guid":{"rendered":"https:\/\/institutionnel.cceaf.fr\/?page_id=180"},"modified":"2026-04-23T15:36:36","modified_gmt":"2026-04-23T14:36:36","slug":"gassin-var","status":"publish","type":"page","link":"https:\/\/www.csecaf.fr\/?page_id=180","title":{"rendered":"Gassin (Var)"},"content":{"rendered":"<table style=\"border: 0px;\" width=\"100%\" cellspacing=\"0\" cellpadding=\"0\">\n<tbody>\n<tr>\n<td><span style=\"color: #0284ab; font-size: 14px;\"><strong>\u00c0 moins de 5 km de la M\u00e9diterran\u00e9e, les couleurs du sud dans toute leur splendeur. Perch\u00e9 sur les hauteurs du village proven\u00e7al de Gassin, le Village Vacances domine un paysage de vignobles et d\u2019\u00e9tendues bois\u00e9es. Inspir\u00e9 du style pittoresque de la r\u00e9gion avec ses murs et toits de couleur brique, le Village Vacances de Gassin fleure bon la lavande et le vent du large. Dissimul\u00e9s par une v\u00e9g\u00e9tation luxuriante, les hameaux conf\u00e8rent au lieu une ambiance typiquement m\u00e9ridionale. Un regard et voil\u00e0 le golfe de Saint-Tropez qui se profile \u00e0 l\u2019horizon. Dans cet environnement privil\u00e9gi\u00e9 et paisible, s\u00e9r\u00e9nit\u00e9 et gaiet\u00e9 sont de mise.<\/strong><\/span><\/td>\n<td width=\"10%\"><\/td>\n<\/tr>\n<\/tbody>\n<\/table>\n<h4><strong>Les logements<\/strong><\/h4>\n<div class=\"starlist tie-list-shortcode\">\n<ul>\n<li><strong>Appartements :<\/strong> du studio compos\u00e9 de 2 \u00e0 3 lits \u00e0 l\u2019appartement de 4 \u00e0 6 lits avec chambres. Tous les logements sont dot\u00e9s d\u2019un s\u00e9jour, d\u2019une kitchenette, de sanitaires et d\u2019une terrasse (135 appartements r\u00e9partis dans 4 hameaux proven\u00e7aux).<\/li>\n<li><strong>G\u00eetes nature :<\/strong> entre le bungalow et le camping, ces structures ouvertes, en bois de 20 m2, con\u00e7ues pour 4 \u00e0 5 personnes, sont situ\u00e9es dans la pin\u00e8de et sont \u00e9quip\u00e9es d\u2019une kitchenette, de 2 chambres et d\u2019une salle d\u2019eau.<\/li>\n<\/ul>\n<p><strong>Capacit\u00e9 d\u2019accueil :<\/strong> d&rsquo;une superficie de 33 hectares, la r\u00e9sidence de vacances peut accueillir <strong>900 vacanciers<\/strong> (camping compris) et, est enti\u00e8rement <strong>accessible aux personnes \u00e0 mobilit\u00e9 r\u00e9duite<\/strong>.<\/p>\n<\/div>\n<h4><strong>La restauration<\/strong><\/h4>\n<div class=\"starlist tie-list-shortcode\">\n<ul>\n<li><strong>Restaurant central :<\/strong> en pension compl\u00e8te et demi-pension.<\/li>\n<li><strong>Le Moulin :<\/strong> snack en bord de mer, face \u00e0 la baie de Cavalaire (selon saison).<\/li>\n<\/ul>\n<\/div>\n<h4><strong>Infrastructures et loisirs<\/strong><\/h4>\n<p>Envie de d\u00e9tente au bord d\u2019une piscine \u00e0 ciel ouvert, de pratiquer diverses activit\u00e9s ou simplement d\u00e9couvrir une nature riche et vari\u00e9e ? Le Village Vacances de Gassin offre une kyrielle de possibilit\u00e9s aux sportifs comme aux amateurs de farniente. Quels que soient votre type d\u2019h\u00e9bergement et votre formule, Gassin r\u00e9pond \u00e0 tous les choix de vacances.<\/p>\n<div class=\"starlist tie-list-shortcode\">\n<ul>\n<li>Wifi : accueil \/ bar \/ terrasses des hameaux.<\/li>\n<li>Une salle de spectacle.<\/li>\n<li>Un bar.<\/li>\n<li>3 courts de tennis.<\/li>\n<li>1 piscine.<\/li>\n<li>1 terrain multisports.<\/li>\n<li>1 aire de jeux pour les enfants.<\/li>\n<\/ul>\n<\/div>\n<p>Selon la saison, une Animation, essentiellement de soir\u00e9e, vous est propos\u00e9e du Lundi au Vendredi : dansantes, spectacle, animation musicale, intervenants&#8230;<\/p>\n<ul>\n<li><strong>Club enfants :<\/strong> pour les 4\/12 ans.<\/li>\n<\/ul>\n<h4><strong>Acc\u00e8s<\/strong><\/h4>\n<div class=\"starlist tie-list-shortcode\">\n<ul>\n<li><strong>A\u00e9roport :<\/strong> Nice, Toulon ou Marseille.<\/li>\n<li><strong>Gare TGV :<\/strong> Saint-Rapha\u00ebl ou Toulon.<\/li>\n<\/ul>\n<\/div>\n<h4><strong>M\u00e9dias<\/strong><\/h4>\n<div class=\"starlist tie-list-shortcode\">\n<ul>\n<li><a href=\"https:\/\/skyzup.com\/360\/pro\/csecaf\/link\/63627cbfa8837\"><strong>Vid\u00e9o de pr\u00e9sentation<\/strong><\/a><\/li>\n<li><a href=\"https:\/\/skyzup.com\/360\/pro\/csecaf\/link\/63627cbfa8837\"><strong>Visite virtuelle 360\u00b0<\/strong><\/a><\/li>\n<\/ul>\n<\/div>\n<p><em>Les informations du site institutionnel n&rsquo;ont pas de valeurs contractuelles. Veuillez vous r\u00e9f\u00e9rer au programme sur <span class=\"highlight highlight-orange\"> <a style=\"color: #ffffff;\" href=\"https:\/\/panorama.cceaf.fr\" target=\"_blank\" rel=\"noopener\">\u00a0Panoram@\u00a0<\/a> <\/span>.<\/em><\/p>\n<p><iframe loading=\"lazy\" style=\"border: 0;\" src=\"https:\/\/www.google.com\/maps\/embed?pb=!1m18!1m12!1m3!1d2907.5714101163912!2d6.553273!3d43.218478!2m3!1f0!2f0!3f0!3m2!1i1024!2i768!4f13.1!3m3!1m2!1s0x12cecf34c66ff575%3A0xc0e5685ed8099538!2sGrafionier!5e0!3m2!1sfr!2sfr!4v1439970855706\" width=\"600\" height=\"450\" frameborder=\"0\" allowfullscreen=\"allowfullscreen\"><\/iframe><\/p>\n","protected":false},"excerpt":{"rendered":"<p>\u00c0 moins de 5 km de la M\u00e9diterran\u00e9e, les couleurs du sud dans toute leur splendeur. Perch\u00e9 sur les hauteurs du village proven\u00e7al de Gassin, le Village Vacances domine un paysage de vignobles et d\u2019\u00e9tendues bois\u00e9es. Inspir\u00e9 du style pittoresque de la r\u00e9gion avec ses murs et toits de couleur brique, le Village Vacances de &hellip;<\/p>\n","protected":false},"author":9,"featured_media":652,"parent":171,"menu_order":0,"comment_status":"closed","ping_status":"closed","template":"","meta":{"footnotes":""},"_links":{"self":[{"href":"https:\/\/www.csecaf.fr\/index.php?rest_route=\/wp\/v2\/pages\/180"}],"collection":[{"href":"https:\/\/www.csecaf.fr\/index.php?rest_route=\/wp\/v2\/pages"}],"about":[{"href":"https:\/\/www.csecaf.fr\/index.php?rest_route=\/wp\/v2\/types\/page"}],"author":[{"embeddable":true,"href":"https:\/\/www.csecaf.fr\/index.php?rest_route=\/wp\/v2\/users\/9"}],"replies":[{"embeddable":true,"href":"https:\/\/www.csecaf.fr\/index.php?rest_route=%2Fwp%2Fv2%2Fcomments&post=180"}],"version-history":[{"count":85,"href":"https:\/\/www.csecaf.fr\/index.php?rest_route=\/wp\/v2\/pages\/180\/revisions"}],"predecessor-version":[{"id":5737,"href":"https:\/\/www.csecaf.fr\/index.php?rest_route=\/wp\/v2\/pages\/180\/revisions\/5737"}],"up":[{"embeddable":true,"href":"https:\/\/www.csecaf.fr\/index.php?rest_route=\/wp\/v2\/pages\/171"}],"wp:featuredmedia":[{"embeddable":true,"href":"https:\/\/www.csecaf.fr\/index.php?rest_route=\/wp\/v2\/media\/652"}],"wp:attachment":[{"href":"https:\/\/www.csecaf.fr\/index.php?rest_route=%2Fwp%2Fv2%2Fmedia&parent=180"}],"curies":[{"name":"wp","href":"https:\/\/api.w.org\/{rel}","templated":true}]}}