{"id":1731,"date":"2015-08-15T00:00:56","date_gmt":"2015-08-14T23:00:56","guid":{"rendered":"https:\/\/institutionnel.cceaf.fr\/?page_id=1731"},"modified":"2021-12-15T11:40:43","modified_gmt":"2021-12-15T10:40:43","slug":"actualite-et-inscription","status":"publish","type":"page","link":"https:\/\/www.csecaf.fr\/?page_id=1731","title":{"rendered":"Actualit\u00e9 et inscription"},"content":{"rendered":"<h4><strong>Proc\u00e9dure d&rsquo;inscription<\/strong><\/h4>\n<div class=\"starlist tie-list-shortcode\">\n<ul>\n<li>T\u00e9l\u00e9chargez le bulletin (PDF) en cliquant sur le lien suivant :\u00a0<a href=\"\/wp-content\/uploads\/2021\/12\/Preinscription_creche_2021_octobre.pdf\"><img decoding=\"async\" loading=\"lazy\" class=\"alignnone wp-image-2333\" src=\"https:\/\/institutionnel.cceaf.fr\/wp-content\/uploads\/ACTIONS\/PETITE_ENFANCE\/logo_petite_enfance1-150x150.png\" alt=\"logo_petite_enfance\" width=\"64\" height=\"64\" srcset=\"\/wp-content\/uploads\/ACTIONS\/PETITE_ENFANCE\/logo_petite_enfance1-150x150.png 150w, \/wp-content\/uploads\/ACTIONS\/PETITE_ENFANCE\/logo_petite_enfance1.png 281w\" sizes=\"(max-width: 64px) 100vw, 64px\" \/><\/a><\/li>\n<li>Renvoyez-le \u00e0 l&rsquo;adresse indiqu\u00e9e sur le bulletin ou par mail \u00e0 : <a href=\"mailto:petite.enfance@csecaf.fr\" target=\"_blank\" rel=\"noopener\">petite.enfance@csecaf.fr<\/a>.<\/li>\n<li>Vous remplissez une demande de pr\u00e9-inscription.<\/li>\n<\/ul>\n<\/div>\n<p>Votre enfant est aussit\u00f4t mis en liste d&rsquo;attente et une place de cr\u00e8che lui sera attribu\u00e9e en fonction des disponibilit\u00e9s.<\/p>\n<p>Les priorit\u00e9s sur les listes d&rsquo;attente sont d\u00e9finies en fonction de plusieurs crit\u00e8res :<\/p>\n<div class=\"starlist tie-list-shortcode\">\n<ul>\n<li>L&rsquo;enfant est d\u00e9pos\u00e9 de fa\u00e7on r\u00e9guli\u00e8re en horaires atypiques, en raison du travail en horaires d\u00e9cal\u00e9s des 2 parents.<\/li>\n<li>L&rsquo;enfant est \u00e9lev\u00e9 dans le cadre d&rsquo;une famille monoparentale.<\/li>\n<li>L&rsquo;enfant est porteur d&rsquo;un handicap.<\/li>\n<li>Un fr\u00e8re ou une s\u0153ur a d\u00e9j\u00e0 une place \u00e0 la cr\u00e8che.<\/li>\n<li>L&rsquo;enfant est accueilli un nombre d&rsquo;heures suffisant \u00e0 la cr\u00e8che (au moins 60 h par mois) afin qu&rsquo;il puisse y trouver facilement ses rep\u00e8res.<\/li>\n<\/ul>\n<\/div>\n<p><strong>Attention : <\/strong>sachez que les cr\u00e8ches sont d&rsquo;ores et d\u00e9j\u00e0 compl\u00e8tes et que les listes d&rsquo;attente sont cons\u00e9quentes. Nous vous conseillons donc vivement d&rsquo;\u00e9largir vos recherches pour le mode de garde vers d&rsquo;autres solutions telle qu&rsquo;une assistante par exemple.<\/p>\n","protected":false},"excerpt":{"rendered":"<p>Proc\u00e9dure d&rsquo;inscription Votre enfant est aussit\u00f4t mis en liste d&rsquo;attente et une place de cr\u00e8che lui sera attribu\u00e9e en fonction des disponibilit\u00e9s. Les priorit\u00e9s sur les listes d&rsquo;attente sont d\u00e9finies en fonction de plusieurs crit\u00e8res : Attention : sachez que les cr\u00e8ches sont d&rsquo;ores et d\u00e9j\u00e0 compl\u00e8tes et que les listes d&rsquo;attente sont cons\u00e9quentes. Nous &hellip;<\/p>\n","protected":false},"author":9,"featured_media":2643,"parent":98,"menu_order":2,"comment_status":"closed","ping_status":"closed","template":"","meta":{"footnotes":""},"_links":{"self":[{"href":"https:\/\/www.csecaf.fr\/index.php?rest_route=\/wp\/v2\/pages\/1731"}],"collection":[{"href":"https:\/\/www.csecaf.fr\/index.php?rest_route=\/wp\/v2\/pages"}],"about":[{"href":"https:\/\/www.csecaf.fr\/index.php?rest_route=\/wp\/v2\/types\/page"}],"author":[{"embeddable":true,"href":"https:\/\/www.csecaf.fr\/index.php?rest_route=\/wp\/v2\/users\/9"}],"replies":[{"embeddable":true,"href":"https:\/\/www.csecaf.fr\/index.php?rest_route=%2Fwp%2Fv2%2Fcomments&post=1731"}],"version-history":[{"count":13,"href":"https:\/\/www.csecaf.fr\/index.php?rest_route=\/wp\/v2\/pages\/1731\/revisions"}],"predecessor-version":[{"id":4168,"href":"https:\/\/www.csecaf.fr\/index.php?rest_route=\/wp\/v2\/pages\/1731\/revisions\/4168"}],"up":[{"embeddable":true,"href":"https:\/\/www.csecaf.fr\/index.php?rest_route=\/wp\/v2\/pages\/98"}],"wp:featuredmedia":[{"embeddable":true,"href":"https:\/\/www.csecaf.fr\/index.php?rest_route=\/wp\/v2\/media\/2643"}],"wp:attachment":[{"href":"https:\/\/www.csecaf.fr\/index.php?rest_route=%2Fwp%2Fv2%2Fmedia&parent=1731"}],"curies":[{"name":"wp","href":"https:\/\/api.w.org\/{rel}","templated":true}]}}