{"id":173,"date":"2015-08-15T00:00:35","date_gmt":"2015-08-14T23:00:35","guid":{"rendered":"https:\/\/institutionnel.cceaf.fr\/?page_id=173"},"modified":"2023-10-30T13:51:17","modified_gmt":"2023-10-30T12:51:17","slug":"nos-villages-detente","status":"publish","type":"page","link":"https:\/\/www.csecaf.fr\/?page_id=173","title":{"rendered":"Nos r\u00e9sidences de D\u00e9tente"},"content":{"rendered":"<h4><strong>Confort et convivialit\u00e9 : 7 r\u00e9sidences de d\u00e9tente<br \/>\n<\/strong><\/h4>\n<p><strong>Le CSEC dispose de :<br \/>\n&#8211; <\/strong><strong>3 r\u00e9sidences dans les DOM : le Mabouya en Martinique, S\u00e9o en Guadeloupe et l&rsquo;Hibiscus sur l&rsquo;\u00eele de la R\u00e9union.<br \/>\n&#8211; 4 r\u00e9sidence en France M\u00e9tropolitaine : Saint-Malo en Bretagne, Penne du Tarn dans l&rsquo;Aveyron, Beuil dans les Alpes Maritimes et Bonnieux dans le Vaucluse.<\/strong><\/p>\n","protected":false},"excerpt":{"rendered":"<p>Confort et convivialit\u00e9 : 7 r\u00e9sidences de d\u00e9tente Le CSEC dispose de : &#8211; 3 r\u00e9sidences dans les DOM : le Mabouya en Martinique, S\u00e9o en Guadeloupe et l&rsquo;Hibiscus sur l&rsquo;\u00eele de la R\u00e9union. &#8211; 4 r\u00e9sidence en France M\u00e9tropolitaine : Saint-Malo en Bretagne, Penne du Tarn dans l&rsquo;Aveyron, Beuil dans les Alpes Maritimes et &hellip;<\/p>\n","protected":false},"author":9,"featured_media":2904,"parent":0,"menu_order":0,"comment_status":"closed","ping_status":"closed","template":"","meta":{"footnotes":""},"_links":{"self":[{"href":"https:\/\/www.csecaf.fr\/index.php?rest_route=\/wp\/v2\/pages\/173"}],"collection":[{"href":"https:\/\/www.csecaf.fr\/index.php?rest_route=\/wp\/v2\/pages"}],"about":[{"href":"https:\/\/www.csecaf.fr\/index.php?rest_route=\/wp\/v2\/types\/page"}],"author":[{"embeddable":true,"href":"https:\/\/www.csecaf.fr\/index.php?rest_route=\/wp\/v2\/users\/9"}],"replies":[{"embeddable":true,"href":"https:\/\/www.csecaf.fr\/index.php?rest_route=%2Fwp%2Fv2%2Fcomments&post=173"}],"version-history":[{"count":18,"href":"https:\/\/www.csecaf.fr\/index.php?rest_route=\/wp\/v2\/pages\/173\/revisions"}],"predecessor-version":[{"id":3392,"href":"https:\/\/www.csecaf.fr\/index.php?rest_route=\/wp\/v2\/pages\/173\/revisions\/3392"}],"wp:featuredmedia":[{"embeddable":true,"href":"https:\/\/www.csecaf.fr\/index.php?rest_route=\/wp\/v2\/media\/2904"}],"wp:attachment":[{"href":"https:\/\/www.csecaf.fr\/index.php?rest_route=%2Fwp%2Fv2%2Fmedia&parent=173"}],"curies":[{"name":"wp","href":"https:\/\/api.w.org\/{rel}","templated":true}]}}